{"id":363,"date":"2020-03-26T11:45:09","date_gmt":"2020-03-26T10:45:09","guid":{"rendered":"https:\/\/new.residencejeanmonnet.fr\/?page_id=363"},"modified":"2026-01-23T12:28:00","modified_gmt":"2026-01-23T11:28:00","slug":"politique-de-confidentialite","status":"publish","type":"page","link":"https:\/\/residencejeanmonnet.fr\/en\/politique-de-confidentialite\/","title":{"rendered":"Privacy Policy"},"content":{"rendered":"<div data-elementor-type=\"wp-page\" data-elementor-id=\"363\" class=\"elementor elementor-363\" data-elementor-settings=\"[]\">\n\t\t\t\t\t\t<div class=\"elementor-inner\">\n\t\t\t\t\t\t\t<div class=\"elementor-section-wrap\">\n\t\t\t\t\t\t\t<section class=\"elementor-section elementor-top-section elementor-element elementor-element-185db00 elementor-section-boxed elementor-section-height-default elementor-section-height-default\" data-id=\"185db00\" data-element_type=\"section\" data-settings=\"{&quot;jet_parallax_layout_list&quot;:[{&quot;jet_parallax_layout_image&quot;:{&quot;url&quot;:&quot;&quot;,&quot;id&quot;:&quot;&quot;},&quot;_id&quot;:&quot;9e4efd6&quot;,&quot;jet_parallax_layout_image_tablet&quot;:{&quot;url&quot;:&quot;&quot;,&quot;id&quot;:&quot;&quot;},&quot;jet_parallax_layout_image_mobile&quot;:{&quot;url&quot;:&quot;&quot;,&quot;id&quot;:&quot;&quot;},&quot;jet_parallax_layout_speed&quot;:{&quot;unit&quot;:&quot;%&quot;,&quot;size&quot;:50,&quot;sizes&quot;:[]},&quot;jet_parallax_layout_type&quot;:&quot;scroll&quot;,&quot;jet_parallax_layout_direction&quot;:null,&quot;jet_parallax_layout_fx_direction&quot;:null,&quot;jet_parallax_layout_z_index&quot;:&quot;&quot;,&quot;jet_parallax_layout_bg_x&quot;:50,&quot;jet_parallax_layout_bg_x_tablet&quot;:&quot;&quot;,&quot;jet_parallax_layout_bg_x_mobile&quot;:&quot;&quot;,&quot;jet_parallax_layout_bg_y&quot;:50,&quot;jet_parallax_layout_bg_y_tablet&quot;:&quot;&quot;,&quot;jet_parallax_layout_bg_y_mobile&quot;:&quot;&quot;,&quot;jet_parallax_layout_bg_size&quot;:&quot;auto&quot;,&quot;jet_parallax_layout_bg_size_tablet&quot;:&quot;&quot;,&quot;jet_parallax_layout_bg_size_mobile&quot;:&quot;&quot;,&quot;jet_parallax_layout_animation_prop&quot;:&quot;transform&quot;,&quot;jet_parallax_layout_on&quot;:[&quot;desktop&quot;,&quot;tablet&quot;]}],&quot;background_background&quot;:&quot;classic&quot;,&quot;shape_divider_top&quot;:&quot;mountains&quot;,&quot;shape_divider_bottom&quot;:&quot;mountains&quot;}\">\n\t\t\t\t\t\t\t<div class=\"elementor-background-overlay\"><\/div>\n\t\t\t\t\t\t<div class=\"elementor-shape elementor-shape-top\" data-negative=\"false\">\n\t\t\t<svg xmlns=\"http:\/\/www.w3.org\/2000\/svg\" viewbox=\"0 0 1000 100\" preserveaspectratio=\"none\">\n\t<path class=\"elementor-shape-fill\" opacity=\"0.33\" d=\"M473,67.3c-203.9,88.3-263.1-34-320.3,0C66,119.1,0,59.7,0,59.7V0h1000v59.7 c0,0-62.1,26.1-94.9,29.3c-32.8,3.3-62.8-12.3-75.8-22.1C806,49.6,745.3,8.7,694.9,4.7S492.4,59,473,67.3z\"\/>\n\t<path class=\"elementor-shape-fill\" opacity=\"0.66\" d=\"M734,67.3c-45.5,0-77.2-23.2-129.1-39.1c-28.6-8.7-150.3-10.1-254,39.1 s-91.7-34.4-149.2,0C115.7,118.3,0,39.8,0,39.8V0h1000v36.5c0,0-28.2-18.5-92.1-18.5C810.2,18.1,775.7,67.3,734,67.3z\"\/>\n\t<path class=\"elementor-shape-fill\" d=\"M766.1,28.9c-200-57.5-266,65.5-395.1,19.5C242,1.8,242,5.4,184.8,20.6C128,35.8,132.3,44.9,89.9,52.5C28.6,63.7,0,0,0,0 h1000c0,0-9.9,40.9-83.6,48.1S829.6,47,766.1,28.9z\"\/>\n<\/svg>\t\t<\/div>\n\t\t\t\t<div class=\"elementor-shape elementor-shape-bottom\" data-negative=\"false\">\n\t\t\t<svg xmlns=\"http:\/\/www.w3.org\/2000\/svg\" viewbox=\"0 0 1000 100\" preserveaspectratio=\"none\">\n\t<path class=\"elementor-shape-fill\" opacity=\"0.33\" d=\"M473,67.3c-203.9,88.3-263.1-34-320.3,0C66,119.1,0,59.7,0,59.7V0h1000v59.7 c0,0-62.1,26.1-94.9,29.3c-32.8,3.3-62.8-12.3-75.8-22.1C806,49.6,745.3,8.7,694.9,4.7S492.4,59,473,67.3z\"\/>\n\t<path class=\"elementor-shape-fill\" opacity=\"0.66\" d=\"M734,67.3c-45.5,0-77.2-23.2-129.1-39.1c-28.6-8.7-150.3-10.1-254,39.1 s-91.7-34.4-149.2,0C115.7,118.3,0,39.8,0,39.8V0h1000v36.5c0,0-28.2-18.5-92.1-18.5C810.2,18.1,775.7,67.3,734,67.3z\"\/>\n\t<path class=\"elementor-shape-fill\" d=\"M766.1,28.9c-200-57.5-266,65.5-395.1,19.5C242,1.8,242,5.4,184.8,20.6C128,35.8,132.3,44.9,89.9,52.5C28.6,63.7,0,0,0,0 h1000c0,0-9.9,40.9-83.6,48.1S829.6,47,766.1,28.9z\"\/>\n<\/svg>\t\t<\/div>\n\t\t\t\t\t<div class=\"elementor-container elementor-column-gap-default\">\n\t\t\t\t\t\t\t<div class=\"elementor-row\">\n\t\t\t\t\t<div class=\"elementor-column elementor-col-100 elementor-top-column elementor-element elementor-element-4d84847\" data-id=\"4d84847\" data-element_type=\"column\">\n\t\t\t<div class=\"elementor-column-wrap elementor-element-populated\">\n\t\t\t\t\t\t\t<div class=\"elementor-widget-wrap\">\n\t\t\t\t\t\t<div class=\"elementor-element elementor-element-341c8b2 elementor-widget elementor-widget-heading\" data-id=\"341c8b2\" data-element_type=\"widget\" data-widget_type=\"heading.default\">\n\t\t\t\t<div class=\"elementor-widget-container\">\n\t\t\t<h2 class=\"elementor-heading-title elementor-size-xxl\">Legal Notice<\/h2>\t\t<\/div>\n\t\t\t\t<\/div>\n\t\t\t\t<div class=\"elementor-element elementor-element-2c6398f elementor-align-center elementor-widget elementor-widget-raven-breadcrumbs\" data-id=\"2c6398f\" data-element_type=\"widget\" data-widget_type=\"raven-breadcrumbs.default\">\n\t\t\t\t<div class=\"elementor-widget-container\">\n\t\t\t<div class=\"raven-breadcrumbs raven-breadcrumbs-default\"><nav class=\"breadcrumb\">\t\t\t\t<span class=\"breadcrumb-item active\" aria-current=\"page\"><span>Home<\/span><\/span>\n\n\t\t\t\t<\/nav><\/div>\t\t<\/div>\n\t\t\t\t<\/div>\n\t\t\t\t<div class=\"elementor-element elementor-element-19b1a3c elementor-icon-list--layout-inline elementor-align-center elementor-list-item-link-full_width elementor-widget elementor-widget-icon-list\" data-id=\"19b1a3c\" data-element_type=\"widget\" data-widget_type=\"icon-list.default\">\n\t\t\t\t<div class=\"elementor-widget-container\">\n\t\t\t\t\t<ul class=\"elementor-icon-list-items elementor-inline-items\">\n\t\t\t\t\t\t\t<li class=\"elementor-icon-list-item elementor-inline-item\">\n\t\t\t\t\t<a href=\"tel: 33450239800\">\t\t\t\t\t\t<span class=\"elementor-icon-list-icon\">\n\t\t\t\t\t\t\t<i aria-hidden=\"true\" class=\"fas fa-phone-alt\"><\/i>\t\t\t\t\t\t<\/span>\n\t\t\t\t\t\t\t\t\t\t<span class=\"elementor-icon-list-text\">04 50 23 98 00<\/span>\n\t\t\t\t\t\t\t\t\t\t\t<\/a>\n\t\t\t\t\t\t\t\t\t<\/li>\n\t\t\t\t\t\t\t\t<li class=\"elementor-icon-list-item elementor-inline-item\">\n\t\t\t\t\t\t\t\t\t\t\t<span class=\"elementor-icon-list-icon\">\n\t\t\t\t\t\t\t<i aria-hidden=\"true\" class=\"far fa-envelope\"><\/i>\t\t\t\t\t\t<\/span>\n\t\t\t\t\t\t\t\t\t\t<span class=\"elementor-icon-list-text\">jeanmonnet@ideis.eu<\/span>\n\t\t\t\t\t\t\t\t\t<\/li>\n\t\t\t\t\t\t<\/ul>\n\t\t\t\t<\/div>\n\t\t\t\t<\/div>\n\t\t\t\t<section class=\"elementor-section elementor-inner-section elementor-element elementor-element-fd08ea8 elementor-section-boxed elementor-section-height-default elementor-section-height-default\" data-id=\"fd08ea8\" data-element_type=\"section\" data-settings=\"{&quot;jet_parallax_layout_list&quot;:[{&quot;jet_parallax_layout_image&quot;:{&quot;url&quot;:&quot;&quot;,&quot;id&quot;:&quot;&quot;},&quot;_id&quot;:&quot;52db2ef&quot;,&quot;jet_parallax_layout_image_tablet&quot;:{&quot;url&quot;:&quot;&quot;,&quot;id&quot;:&quot;&quot;},&quot;jet_parallax_layout_image_mobile&quot;:{&quot;url&quot;:&quot;&quot;,&quot;id&quot;:&quot;&quot;},&quot;jet_parallax_layout_speed&quot;:{&quot;unit&quot;:&quot;%&quot;,&quot;size&quot;:50,&quot;sizes&quot;:[]},&quot;jet_parallax_layout_type&quot;:&quot;scroll&quot;,&quot;jet_parallax_layout_direction&quot;:null,&quot;jet_parallax_layout_fx_direction&quot;:null,&quot;jet_parallax_layout_z_index&quot;:&quot;&quot;,&quot;jet_parallax_layout_bg_x&quot;:50,&quot;jet_parallax_layout_bg_x_tablet&quot;:&quot;&quot;,&quot;jet_parallax_layout_bg_x_mobile&quot;:&quot;&quot;,&quot;jet_parallax_layout_bg_y&quot;:50,&quot;jet_parallax_layout_bg_y_tablet&quot;:&quot;&quot;,&quot;jet_parallax_layout_bg_y_mobile&quot;:&quot;&quot;,&quot;jet_parallax_layout_bg_size&quot;:&quot;auto&quot;,&quot;jet_parallax_layout_bg_size_tablet&quot;:&quot;&quot;,&quot;jet_parallax_layout_bg_size_mobile&quot;:&quot;&quot;,&quot;jet_parallax_layout_animation_prop&quot;:&quot;transform&quot;,&quot;jet_parallax_layout_on&quot;:[&quot;desktop&quot;,&quot;tablet&quot;]}]}\">\n\t\t\t\t\t\t<div class=\"elementor-container elementor-column-gap-default\">\n\t\t\t\t\t\t\t<div class=\"elementor-row\">\n\t\t\t\t\t<div class=\"elementor-column elementor-col-100 elementor-inner-column elementor-element elementor-element-e98350a\" data-id=\"e98350a\" data-element_type=\"column\">\n\t\t\t<div class=\"elementor-column-wrap elementor-element-populated\">\n\t\t\t\t\t\t\t<div class=\"elementor-widget-wrap\">\n\t\t\t\t\t\t<div class=\"elementor-element elementor-element-bb59f3b elementor-widget elementor-widget-text-editor\" data-id=\"bb59f3b\" data-element_type=\"widget\" data-widget_type=\"text-editor.default\">\n\t\t\t\t<div class=\"elementor-widget-container\">\n\t\t\t\t\t\t\t\t<div class=\"elementor-text-editor elementor-clearfix\">\n\t\t\t\t\t<div id=\"text-block-4\">\n<h3 style=\"text-align: left;\">D\u00c9FINITIONS&nbsp;:<\/h3>\n<p style=\"text-align: left;\">L\u2019\u00c9diteur : La R\u00e9sidence Jean Monnet, repr\u00e9sent\u00e9e par&nbsp;<span style=\"color: rgb(122, 122, 122); font-family: Roboto, sans-serif; font-size: 16px;\">la coop\u00e9rative HLM IDEIS.<\/span><br>The Site: All of the sites, Internet pages and online services offered by La Conciergerie du Lac.<br>L\u2019Utilisateur&nbsp;: La personne utilisant le Site et les services.<\/p>\n<h3 style=\"text-align: left;\">NATURE OF DATA COLLECTED<\/h3>\n<p style=\"text-align: left;\">In the context of the use of the Sites, the Publisher is likely to collect the following categories of data concerning its Users:<\/p>\n<div id=\"C0Q1\" style=\"text-align: left;\">\n<p>Civil status, identity, identification data, etc.<\/p>\n<p>Economic and financial information (income, financial situation, tax situation, etc.)<\/p>\n<p>Connection data (IP addresses, event logs, etc.)<\/p>\n<\/div>\n<div id=\"C1Q1\" style=\"text-align: left;\">\n<h3>COMMUNICATION OF PERSONAL DATA TO THIRD PARTIES<\/h3>\n<p>No communication to third parties<br>Your data is not the subject of any communication to third parties. You are informed, however, that they may be disclosed in application of a law, a regulation or by decision of a competent regulatory or judicial authority.<\/p>\n<\/div>\n<div id=\"C1Q2\" style=\"text-align: left;\">&nbsp;<\/div>\n<div id=\"C2Q1\" style=\"text-align: left;\">&nbsp;<\/div>\n<div id=\"C3Q1\" style=\"text-align: left;\">\n<h3>PRIOR INFORMATION FOR THE COMMUNICATION OF PERSONAL DATA TO THIRD PARTIES IN THE EVENT OF MERGER \/ ABSORPTION<\/h3>\n<p>Prior information and opt-out before and after the merger \/ acquisition<br>In the event that we take part in a merger, acquisition or any other form of transfer of assets, we are committed to guaranteeing the confidentiality of your personal data and to inform you before they are transferred. or subject to new confidentiality rules.<\/p>\n<\/div>\n<div id=\"C4Q1\" style=\"text-align: left;\">\n<h3>PURPOSE OF THE REUSE OF COLLECTED PERSONAL DATA<\/h3>\n<p>Perform operations relating to customer management concerning<\/p>\n<ul>\n<li>the contracts ; the orders ; the deliveries ; the bills ; accounting and in particular customer account management<\/li>\n<li>a loyalty program within one or more legal entities;<\/li>\n<li>monitoring customer relations such as conducting satisfaction surveys, managing complaints and after-sales service<\/li>\n<li>the selection of customers to carry out studies, surveys and product tests (except with the consent of the persons concerned collected under the conditions provided for in article 6, these operations must not lead to the establishment of profiles likely to reveal sensitive data - racial or ethnic origins, philosophical, political, union, religious opinions, sex life or people&#039;s health)<\/li>\n<\/ul>\n<p>Perform prospecting operations<\/p>\n<ul>\n<li>management of technical prospecting operations (which includes technical operations such as standardization, enrichment and deduplication)<\/li>\n<li>the selection of people to carry out loyalty, prospecting, survey, product test and promotion actions. Unless the consent of the persons concerned is obtained under the conditions provided for in article 6, these operations must not lead to the establishment of profiles likely to reveal sensitive data (racial or ethnic origins, philosophical, political, trade union, religious, sex life or people&#039;s health)<\/li>\n<li>carrying out solicitation operations<\/li>\n<\/ul>\n<p>Development of trade statistics<\/p>\n<p>Managing requests for the right of access, rectification and opposition<\/p>\n<p>Managing people&#039;s opinions on products, services or content<\/p>\n<\/div>\n<h3 style=\"text-align: left;\">DATA AGGREGATION<\/h3>\n<p style=\"text-align: left;\">Aggregation with non-personal data<br>We may publish, disclose and use aggregated information (information relating to all of our Users or specific groups or categories of Users that we combine so that an individual User can no longer be identified or mentioned) and the information non-personal for sector and market analysis, demographic profiling, promotional and advertising purposes, and other commercial purposes.<\/p>\n<p style=\"text-align: left;\">Aggregation with personal data available on the User&#039;s social accounts<br>If you connect your account to an account of another service in order to cross-send, said service may communicate your profile and connection information to us, as well as any other information the disclosure of which you have authorized. We may aggregate the information relating to all of our other Users, groups, accounts, with the personal data available on the User.<\/p>\n<div id=\"C6Q1\" style=\"text-align: left;\">\n<h3>COLLECTION OF IDENTITY DATA<\/h3>\n<p>Free consultation<br>Consultation of the Site does not require registration or prior identification. It can be carried out without your providing any personal data concerning you (surname, first name, address, etc.). We do not record any personal data for the simple consultation of the Site.<\/p>\n<\/div>\n<div id=\"C7Q1\" style=\"text-align: left;\">\n<h3>COLLECTION OF IDENTIFICATION DATA<\/h3>\n<p>Use of user ID only for access to services<br>We use your electronic identifiers only for and during the execution of the contract.<\/p>\n<\/div>\n<div id=\"C8Q1\" style=\"text-align: left;\">&nbsp;<\/div>\n<div id=\"C9Q1\" style=\"text-align: left;\">\n<h3>TERMINAL DATA COLLECTION<\/h3>\n<p>Collection of profiling data and technical data for the purpose of providing the service<br>Some of the technical data of your device is collected automatically by the Site. This information includes your IP address, Internet service provider, hardware configuration, software configuration, type and language of the browser, etc. The collection of this data is necessary for the provision of services.<\/p>\n<p>Technical data collection for advertising, commercial and statistical purposes<br>The technical data of your device are automatically collected and recorded by the Site, for advertising, commercial and statistical purposes. This information helps us to personalize and continually improve your experience on our Site. We do not collect or store any personal data (surname, first name, address, etc.) possibly attached to technical data. The data collected may be sold to third parties.<\/p>\n<\/div>\n<h3 style=\"text-align: left;\">COOKIES<\/h3>\n<p style=\"text-align: left;\">Storage period of cookies<br>In accordance with the recommendations of the CNIL, the maximum duration of storage of cookies is a maximum of 13 months after their first deposit in the User&#039;s terminal, as is the duration of the validity of the User&#039;s consent to the use of these cookies. The lifetime of cookies is not extended with each visit. The User&#039;s consent must therefore be renewed at the end of this period.<\/p>\n<p style=\"text-align: left;\">Purpose cookies<br>Cookies can be used for statistical purposes, in particular to optimize the services rendered to the User, from the processing of information concerning the frequency of access, the personalization of the pages as well as the operations carried out and the information consulted.<br>You are informed that the Publisher may place cookies on your terminal. The cookie records information relating to navigation on the service (the pages you have consulted, the date and time of the consultation, etc.) that we can read during your subsequent visits.<\/p>\n<div id=\"C10Q1\" style=\"text-align: left;\">\n<p>User right to refuse cookies, deactivation resulting in degraded operation of the service<br>You acknowledge having been informed and authorize the Publisher to use cookies. If you do not want cookies to be used on your device, most browsers allow you to disable cookies through the setting options. However, you are informed that certain services may no longer function properly.<\/p>\n<p>Possible association of cookies with personal data to allow the service to function<br>The Publisher may collect navigation information via the use of cookies.<\/p>\n<\/div>\n<h3 style=\"text-align: left;\">CONSERVATION OF TECHNICAL DATA<\/h3>\n<p style=\"text-align: left;\">Technical data retention period<br>Technical data is kept for the time strictly necessary to achieve the purposes referred to above.<\/p>\n<h3 style=\"text-align: left;\">PERIOD OF RETENTION OF PERSONAL DATA AND OF ANONYMIZATION<\/h3>\n<div id=\"C12Q1\" style=\"text-align: left;\">\n<p>Data retention for the duration of the contractual relationship<br>In accordance with article 6-5 \u00b0 of the law n \u00b0 78-17 of January 6, 1978 relating to data processing, the files and freedoms, the personal data undergoing treatment are not preserved beyond the time necessary for the performance of the obligations defined at the conclusion of the contract or the predefined duration of the contractual relationship.<\/p>\n<p>Retention of anonymized data beyond the contractual relationship \/ after the deletion of the account<br>We keep personal data for the time strictly necessary to achieve the purposes described in these Terms. Beyond this period, they will be anonymized and kept for exclusively statistical purposes and will not give rise to any exploitation of any kind whatsoever.<\/p>\n<\/div>\n<p style=\"text-align: left;\">Data deletion after account deletion<br>Means of purging data are put in place in order to provide for their effective deletion as soon as the period of conservation or archiving necessary for the accomplishment of the determined or imposed purposes is reached. In accordance with law n \u00b0 78-17 of January 6, 1978 relating to data processing, files and freedoms, you also have the right to delete your data which you can exercise at any time by contacting the &#039;Editor.<\/p>\n<p style=\"text-align: left;\">Data deletion after 3 years of inactivity<br>For security reasons, if you have not authenticated yourself on the Site for a period of three years, you will receive an email inviting you to connect as soon as possible, otherwise your data will be deleted from our databases. data.<\/p>\n<h3 style=\"text-align: left;\">DELETE ACCOUNT<\/h3>\n<p style=\"text-align: left;\">Account deletion on demand<br>The User has the possibility of deleting his Account at any time, by simple request to the Publisher OR by the Account deletion menu present in the Account settings if necessary.<\/p>\n<p style=\"text-align: left;\">Account deletion in case of violation of the T &amp; Cs<br>In the event of violation of one or more provisions of the T &amp; Cs or any other document incorporated herein by reference, the Publisher reserves the right to end or restrict your use and access without any prior warning and at its sole discretion services, your account and all Sites.<\/p>\n<h3 style=\"text-align: left;\">INFORMATION IN THE EVENT OF A SECURITY FAILURE DETECTED BY THE PUBLISHER<\/h3>\n<p style=\"text-align: left;\">User information in the event of a security breach<br>We are committed to implementing all appropriate technical and organizational measures to guarantee a level of security adapted to the risks of accidental, unauthorized or illegal access, disclosure, alteration, loss or destruction of personal data about you. In the event that we become aware of illegal access to personal data concerning you stored on our servers or those of our service providers, or unauthorized access resulting in the realization of the risks identified above, we undertake at :<\/p>\n<ul style=\"text-align: left;\">\n<li>Notify you of the incident as soon as possible;<\/li>\n<li>Examine the causes of the incident and find out about them;<\/li>\n<li>Take the necessary measures within the limits of reasonableness in order to lessen the negative effects and damages that could result from the said incident<\/li>\n<\/ul>\n<p style=\"text-align: left;\">Limitation of Liability<br>In no case may the commitments defined in the point above relating to notification in the event of a security breach be assimilated to any acknowledgment of fault or responsibility for the occurrence of the incident in question.<\/p>\n<div id=\"C15Q1\" style=\"text-align: left;\">\n<h3>TRANSFER OF PERSONAL DATA ABROAD<\/h3>\n<p>No transfer outside the European Union<br>The Publisher undertakes not to transfer the personal data of its Users outside the European Union.<\/p>\n<\/div>\n<h3 style=\"text-align: left;\">MODIFICATION OF THE TOS AND PRIVACY POLICY<\/h3>\n<p style=\"text-align: left;\">In case of modification of these Terms, commitment not to lower the level of confidentiality substantially without the prior information of the persons concerned<br>We undertake to inform you in the event of a substantial modification of these T &amp; Cs, and not to lower the level of confidentiality of your data substantially without notifying you and obtaining your consent.<\/p>\n<div id=\"C17Q1\" style=\"text-align: left;\">\n<h3>APPLICABLE LAW AND REMEDIES<\/h3>\n<p>Application of French law (CNIL legislation) and jurisdiction of the courts<br>These Terms and your use of the Site are governed by and interpreted in accordance with the laws of France, and in particular Law No. 78-17 of January 6, 1978 relating to data processing, files and freedoms. The choice of applicable law does not affect your rights as a consumer in accordance with the applicable law of your place of residence. If you are a consumer, you and we agree to submit to the non-exclusive jurisdiction of the French courts, which means that you can take action relating to these T &amp; Cs in France or in the EU country in which you live . If you are a professional, all actions against us must be brought before a court in France.<\/p>\n<p>In the event of a dispute, the parties will seek an amicable solution before any legal action. If these attempts fail, all disputes regarding the validity, interpretation and \/ or execution of these T &amp; Cs must be brought even in the event of a plurality of defendants or a call in warranty, before the French courts.<\/p>\n<\/div>\n<div id=\"C18Q1\">\n<h3 style=\"text-align: left;\">PORTABILITY OF DATA<\/h3>\n<p style=\"text-align: left;\">Data portability<br>The Publisher undertakes to offer you the possibility of having all of the data concerning you returned to you on request. The User is thus guaranteed better control of his data, and retains the possibility of reusing it. These data should be provided in an open and easily reusable format.<\/p>\n<\/div>\n<\/div>\t\t\t\t\t<\/div>\n\t\t\t\t\t\t<\/div>\n\t\t\t\t<\/div>\n\t\t\t\t\t\t<\/div>\n\t\t\t\t\t<\/div>\n\t\t<\/div>\n\t\t\t\t\t\t\t\t<\/div>\n\t\t\t\t\t<\/div>\n\t\t<\/section>\n\t\t\t\t\t\t<\/div>\n\t\t\t\t\t<\/div>\n\t\t<\/div>\n\t\t\t\t\t\t\t\t<\/div>\n\t\t\t\t\t<\/div>\n\t\t<\/section>\n\t\t\t\t\t\t<\/div>\n\t\t\t\t\t\t<\/div>\n\t\t\t\t\t<\/div>","protected":false},"excerpt":{"rendered":"<p>Mentions l\u00e9gales Home 04 50 23 98 00 jeanmonnet@ideis.eu D\u00c9FINITIONS&nbsp;: L\u2019\u00c9diteur : La R\u00e9sidence Jean Monnet, repr\u00e9sent\u00e9e par&nbsp;la coop\u00e9rative HLM IDEIS.Le Site : L\u2019ensemble des sites, pages Internet et services en ligne propos\u00e9s par La Conciergerie du Lac.L\u2019Utilisateur&nbsp;: La personne utilisant le Site et les services. NATURE DES DONN\u00c9ES COLLECT\u00c9ES Dans le cadre de l\u2019utilisation [&hellip;]<\/p>","protected":false},"author":1,"featured_media":0,"parent":0,"menu_order":0,"comment_status":"closed","ping_status":"closed","template":"elementor_header_footer","meta":{"inline_featured_image":false},"acf":[],"_links":{"self":[{"href":"https:\/\/residencejeanmonnet.fr\/en\/wp-json\/wp\/v2\/pages\/363"}],"collection":[{"href":"https:\/\/residencejeanmonnet.fr\/en\/wp-json\/wp\/v2\/pages"}],"about":[{"href":"https:\/\/residencejeanmonnet.fr\/en\/wp-json\/wp\/v2\/types\/page"}],"author":[{"embeddable":true,"href":"https:\/\/residencejeanmonnet.fr\/en\/wp-json\/wp\/v2\/users\/1"}],"replies":[{"embeddable":true,"href":"https:\/\/residencejeanmonnet.fr\/en\/wp-json\/wp\/v2\/comments?post=363"}],"version-history":[{"count":8,"href":"https:\/\/residencejeanmonnet.fr\/en\/wp-json\/wp\/v2\/pages\/363\/revisions"}],"predecessor-version":[{"id":2251,"href":"https:\/\/residencejeanmonnet.fr\/en\/wp-json\/wp\/v2\/pages\/363\/revisions\/2251"}],"wp:attachment":[{"href":"https:\/\/residencejeanmonnet.fr\/en\/wp-json\/wp\/v2\/media?parent=363"}],"curies":[{"name":"wp","href":"https:\/\/api.w.org\/{rel}","templated":true}]}}