{"id":360,"date":"2020-03-26T11:35:47","date_gmt":"2020-03-26T10:35:47","guid":{"rendered":"https:\/\/new.residencejeanmonnet.fr\/?page_id=360"},"modified":"2024-04-08T11:35:02","modified_gmt":"2024-04-08T09:35:02","slug":"mentions-legales","status":"publish","type":"page","link":"https:\/\/residencejeanmonnet.fr\/en\/mentions-legales\/","title":{"rendered":"Legal Notice"},"content":{"rendered":"<div data-elementor-type=\"wp-page\" data-elementor-id=\"360\" class=\"elementor elementor-360\" data-elementor-settings=\"[]\">\n\t\t\t\t\t\t<div class=\"elementor-inner\">\n\t\t\t\t\t\t\t<div class=\"elementor-section-wrap\">\n\t\t\t\t\t\t\t<section class=\"elementor-section elementor-top-section elementor-element elementor-element-185db00 elementor-section-boxed elementor-section-height-default elementor-section-height-default\" data-id=\"185db00\" data-element_type=\"section\" data-settings=\"{&quot;jet_parallax_layout_list&quot;:[{&quot;jet_parallax_layout_image&quot;:{&quot;url&quot;:&quot;&quot;,&quot;id&quot;:&quot;&quot;},&quot;_id&quot;:&quot;9e4efd6&quot;,&quot;jet_parallax_layout_image_tablet&quot;:{&quot;url&quot;:&quot;&quot;,&quot;id&quot;:&quot;&quot;},&quot;jet_parallax_layout_image_mobile&quot;:{&quot;url&quot;:&quot;&quot;,&quot;id&quot;:&quot;&quot;},&quot;jet_parallax_layout_speed&quot;:{&quot;unit&quot;:&quot;%&quot;,&quot;size&quot;:50,&quot;sizes&quot;:[]},&quot;jet_parallax_layout_type&quot;:&quot;scroll&quot;,&quot;jet_parallax_layout_direction&quot;:null,&quot;jet_parallax_layout_fx_direction&quot;:null,&quot;jet_parallax_layout_z_index&quot;:&quot;&quot;,&quot;jet_parallax_layout_bg_x&quot;:50,&quot;jet_parallax_layout_bg_x_tablet&quot;:&quot;&quot;,&quot;jet_parallax_layout_bg_x_mobile&quot;:&quot;&quot;,&quot;jet_parallax_layout_bg_y&quot;:50,&quot;jet_parallax_layout_bg_y_tablet&quot;:&quot;&quot;,&quot;jet_parallax_layout_bg_y_mobile&quot;:&quot;&quot;,&quot;jet_parallax_layout_bg_size&quot;:&quot;auto&quot;,&quot;jet_parallax_layout_bg_size_tablet&quot;:&quot;&quot;,&quot;jet_parallax_layout_bg_size_mobile&quot;:&quot;&quot;,&quot;jet_parallax_layout_animation_prop&quot;:&quot;transform&quot;,&quot;jet_parallax_layout_on&quot;:[&quot;desktop&quot;,&quot;tablet&quot;]}],&quot;background_background&quot;:&quot;classic&quot;,&quot;shape_divider_top&quot;:&quot;mountains&quot;,&quot;shape_divider_bottom&quot;:&quot;mountains&quot;}\">\n\t\t\t\t\t\t\t<div class=\"elementor-background-overlay\"><\/div>\n\t\t\t\t\t\t<div class=\"elementor-shape elementor-shape-top\" data-negative=\"false\">\n\t\t\t<svg xmlns=\"http:\/\/www.w3.org\/2000\/svg\" viewbox=\"0 0 1000 100\" preserveaspectratio=\"none\">\n\t<path class=\"elementor-shape-fill\" opacity=\"0.33\" d=\"M473,67.3c-203.9,88.3-263.1-34-320.3,0C66,119.1,0,59.7,0,59.7V0h1000v59.7 c0,0-62.1,26.1-94.9,29.3c-32.8,3.3-62.8-12.3-75.8-22.1C806,49.6,745.3,8.7,694.9,4.7S492.4,59,473,67.3z\"\/>\n\t<path class=\"elementor-shape-fill\" opacity=\"0.66\" d=\"M734,67.3c-45.5,0-77.2-23.2-129.1-39.1c-28.6-8.7-150.3-10.1-254,39.1 s-91.7-34.4-149.2,0C115.7,118.3,0,39.8,0,39.8V0h1000v36.5c0,0-28.2-18.5-92.1-18.5C810.2,18.1,775.7,67.3,734,67.3z\"\/>\n\t<path class=\"elementor-shape-fill\" d=\"M766.1,28.9c-200-57.5-266,65.5-395.1,19.5C242,1.8,242,5.4,184.8,20.6C128,35.8,132.3,44.9,89.9,52.5C28.6,63.7,0,0,0,0 h1000c0,0-9.9,40.9-83.6,48.1S829.6,47,766.1,28.9z\"\/>\n<\/svg>\t\t<\/div>\n\t\t\t\t<div class=\"elementor-shape elementor-shape-bottom\" data-negative=\"false\">\n\t\t\t<svg xmlns=\"http:\/\/www.w3.org\/2000\/svg\" viewbox=\"0 0 1000 100\" preserveaspectratio=\"none\">\n\t<path class=\"elementor-shape-fill\" opacity=\"0.33\" d=\"M473,67.3c-203.9,88.3-263.1-34-320.3,0C66,119.1,0,59.7,0,59.7V0h1000v59.7 c0,0-62.1,26.1-94.9,29.3c-32.8,3.3-62.8-12.3-75.8-22.1C806,49.6,745.3,8.7,694.9,4.7S492.4,59,473,67.3z\"\/>\n\t<path class=\"elementor-shape-fill\" opacity=\"0.66\" d=\"M734,67.3c-45.5,0-77.2-23.2-129.1-39.1c-28.6-8.7-150.3-10.1-254,39.1 s-91.7-34.4-149.2,0C115.7,118.3,0,39.8,0,39.8V0h1000v36.5c0,0-28.2-18.5-92.1-18.5C810.2,18.1,775.7,67.3,734,67.3z\"\/>\n\t<path class=\"elementor-shape-fill\" d=\"M766.1,28.9c-200-57.5-266,65.5-395.1,19.5C242,1.8,242,5.4,184.8,20.6C128,35.8,132.3,44.9,89.9,52.5C28.6,63.7,0,0,0,0 h1000c0,0-9.9,40.9-83.6,48.1S829.6,47,766.1,28.9z\"\/>\n<\/svg>\t\t<\/div>\n\t\t\t\t\t<div class=\"elementor-container elementor-column-gap-default\">\n\t\t\t\t\t\t\t<div class=\"elementor-row\">\n\t\t\t\t\t<div class=\"elementor-column elementor-col-100 elementor-top-column elementor-element elementor-element-4d84847\" data-id=\"4d84847\" data-element_type=\"column\">\n\t\t\t<div class=\"elementor-column-wrap elementor-element-populated\">\n\t\t\t\t\t\t\t<div class=\"elementor-widget-wrap\">\n\t\t\t\t\t\t<div class=\"elementor-element elementor-element-341c8b2 elementor-widget elementor-widget-heading\" data-id=\"341c8b2\" data-element_type=\"widget\" data-widget_type=\"heading.default\">\n\t\t\t\t<div class=\"elementor-widget-container\">\n\t\t\t<h2 class=\"elementor-heading-title elementor-size-xxl\">Legal Notice<\/h2>\t\t<\/div>\n\t\t\t\t<\/div>\n\t\t\t\t<div class=\"elementor-element elementor-element-2c6398f elementor-align-center elementor-widget elementor-widget-raven-breadcrumbs\" data-id=\"2c6398f\" data-element_type=\"widget\" data-widget_type=\"raven-breadcrumbs.default\">\n\t\t\t\t<div class=\"elementor-widget-container\">\n\t\t\t<div class=\"raven-breadcrumbs raven-breadcrumbs-default\"><nav class=\"breadcrumb\">\t\t\t\t<span class=\"breadcrumb-item active\" aria-current=\"page\"><span>Home<\/span><\/span>\n\n\t\t\t\t<\/nav><\/div>\t\t<\/div>\n\t\t\t\t<\/div>\n\t\t\t\t<div class=\"elementor-element elementor-element-19b1a3c elementor-icon-list--layout-inline elementor-align-center elementor-list-item-link-full_width elementor-widget elementor-widget-icon-list\" data-id=\"19b1a3c\" data-element_type=\"widget\" data-widget_type=\"icon-list.default\">\n\t\t\t\t<div class=\"elementor-widget-container\">\n\t\t\t\t\t<ul class=\"elementor-icon-list-items elementor-inline-items\">\n\t\t\t\t\t\t\t<li class=\"elementor-icon-list-item elementor-inline-item\">\n\t\t\t\t\t<a href=\"tel: 33450239800\">\t\t\t\t\t\t<span class=\"elementor-icon-list-icon\">\n\t\t\t\t\t\t\t<i aria-hidden=\"true\" class=\"fas fa-phone-alt\"><\/i>\t\t\t\t\t\t<\/span>\n\t\t\t\t\t\t\t\t\t\t<span class=\"elementor-icon-list-text\">04 50 23 98 00<\/span>\n\t\t\t\t\t\t\t\t\t\t\t<\/a>\n\t\t\t\t\t\t\t\t\t<\/li>\n\t\t\t\t\t\t\t\t<li class=\"elementor-icon-list-item elementor-inline-item\">\n\t\t\t\t\t\t\t\t\t\t\t<span class=\"elementor-icon-list-icon\">\n\t\t\t\t\t\t\t<i aria-hidden=\"true\" class=\"far fa-envelope\"><\/i>\t\t\t\t\t\t<\/span>\n\t\t\t\t\t\t\t\t\t\t<span class=\"elementor-icon-list-text\">contact@residencejeanmonnet.fr<\/span>\n\t\t\t\t\t\t\t\t\t<\/li>\n\t\t\t\t\t\t<\/ul>\n\t\t\t\t<\/div>\n\t\t\t\t<\/div>\n\t\t\t\t<section class=\"elementor-section elementor-inner-section elementor-element elementor-element-fd08ea8 elementor-section-boxed elementor-section-height-default elementor-section-height-default\" data-id=\"fd08ea8\" data-element_type=\"section\" data-settings=\"{&quot;jet_parallax_layout_list&quot;:[{&quot;jet_parallax_layout_image&quot;:{&quot;url&quot;:&quot;&quot;,&quot;id&quot;:&quot;&quot;},&quot;_id&quot;:&quot;52db2ef&quot;,&quot;jet_parallax_layout_image_tablet&quot;:{&quot;url&quot;:&quot;&quot;,&quot;id&quot;:&quot;&quot;},&quot;jet_parallax_layout_image_mobile&quot;:{&quot;url&quot;:&quot;&quot;,&quot;id&quot;:&quot;&quot;},&quot;jet_parallax_layout_speed&quot;:{&quot;unit&quot;:&quot;%&quot;,&quot;size&quot;:50,&quot;sizes&quot;:[]},&quot;jet_parallax_layout_type&quot;:&quot;scroll&quot;,&quot;jet_parallax_layout_direction&quot;:null,&quot;jet_parallax_layout_fx_direction&quot;:null,&quot;jet_parallax_layout_z_index&quot;:&quot;&quot;,&quot;jet_parallax_layout_bg_x&quot;:50,&quot;jet_parallax_layout_bg_x_tablet&quot;:&quot;&quot;,&quot;jet_parallax_layout_bg_x_mobile&quot;:&quot;&quot;,&quot;jet_parallax_layout_bg_y&quot;:50,&quot;jet_parallax_layout_bg_y_tablet&quot;:&quot;&quot;,&quot;jet_parallax_layout_bg_y_mobile&quot;:&quot;&quot;,&quot;jet_parallax_layout_bg_size&quot;:&quot;auto&quot;,&quot;jet_parallax_layout_bg_size_tablet&quot;:&quot;&quot;,&quot;jet_parallax_layout_bg_size_mobile&quot;:&quot;&quot;,&quot;jet_parallax_layout_animation_prop&quot;:&quot;transform&quot;,&quot;jet_parallax_layout_on&quot;:[&quot;desktop&quot;,&quot;tablet&quot;]}]}\">\n\t\t\t\t\t\t<div class=\"elementor-container elementor-column-gap-default\">\n\t\t\t\t\t\t\t<div class=\"elementor-row\">\n\t\t\t\t\t<div class=\"elementor-column elementor-col-100 elementor-inner-column elementor-element elementor-element-e98350a\" data-id=\"e98350a\" data-element_type=\"column\">\n\t\t\t<div class=\"elementor-column-wrap elementor-element-populated\">\n\t\t\t\t\t\t\t<div class=\"elementor-widget-wrap\">\n\t\t\t\t\t\t<div class=\"elementor-element elementor-element-bb59f3b elementor-widget elementor-widget-text-editor\" data-id=\"bb59f3b\" data-element_type=\"widget\" data-widget_type=\"text-editor.default\">\n\t\t\t\t<div class=\"elementor-widget-container\">\n\t\t\t\t\t\t\t\t<div class=\"elementor-text-editor elementor-clearfix\">\n\t\t\t\t\t<div>\n<div id=\"text-block-4\">\n<h2>SITE OWNER<\/h2>\n<\/div>\n<\/div>\n<div>\n<div>\n<div>\n<div>\n<div>\n<div id=\"text-block-5\">\n<p>RESIDENCE JEAN MONNET<br>2 RUE JACQUELINE AURIOL<br>74940 ANNECY<\/p>\n<p>Responsable de Publication : Blandine BERCHOUX<\/p>\n<h2>VOCATION OF THE SITE<\/h2>\n<p>The purpose of this site is to present the Jean Monnet Residence. The company reserves the right to correct or modify its content at any time without notice.<\/p>\n<h2>COPYRIGHT<\/h2>\n<p>Par ailleurs, sauf mention contraire, les droits de propri\u00e9t\u00e9 intellectuelle sur les documents contenus dans le site et chacun des \u00e9l\u00e9ments cr\u00e9\u00e9s pour ce site sont la propri\u00e9t\u00e9 exclusive de&nbsp;la soci\u00e9t\u00e9, celle-ci ne conc\u00e9dant aucune licence, ni aucun autre droit que celui de consulter le site.<\/p>\n<h2>TERMS OF USE<\/h2>\n<p>In order to take full advantage of all the functionality of the website, the use of browsers&nbsp;<a href=\"http:\/\/www.microsoft.com\/downloads\/details.aspx?FamilyID=9ae91ebe-3385-447c-8a30-081805b2f90b&amp;DisplayLang=fr\">Microsoft Internet Explorer<\/a>(PC),&nbsp;<a href=\"http:\/\/www.mozilla-europe.org\/fr\/products\/firefox\/\">Mozilla Firefox<\/a>&nbsp;(Mac or PC),&nbsp;<a href=\"http:\/\/www.google.com\/chrome\/index.html?hl=fr&amp;brand=CHMB&amp;utm_campaign=fr&amp;utm_source=fr-ha-emea-fr-sk&amp;utm_medium=ha\">Chromium<\/a>&nbsp;(Mac or PC) or&nbsp;<a href=\"http:\/\/www.apple.com\/fr\/safari\/\">Safari<\/a>&nbsp;(Mac or PC) is highly recommended (free software).<\/p>\n<p>Pour visualiser les pages de ce site de fa\u00e7on optimale, il est vivement conseill\u00e9 de tenir vos navigateurs \u00e0 jour. R\u00e9solution d\u2019\u00e9cran recommand\u00e9e&nbsp;: 1024\u00d7768 ou sup\u00e9rieure.<\/p>\n<p>In addition, this site presenting new technical specifications, it is advisable to view it with Firefox, Chrome or Safari in a recent version.<\/p>\n<h2>ACCOMMODATION<\/h2>\n<p>Ce site est h\u00e9berg\u00e9 sur Infomaniak,&nbsp;Rue Eug\u00e8ne-Marziano 25, 1227 Gen\u00e8ve, Suisse<\/p>\n<h2>PRODUCTION<\/h2>\n<p>This site is produced by <a href=\"https:\/\/residencejeanmonnet.fr\/en\/\">The Jean Monnet Residence<\/a><\/p>\n<h2>PHOTO CREDITS<\/h2>\n<p>\u00a9 Nitography<br>\u00a9 Jean Monnet Residence<\/p>\n<h2>COPYRIGHT<\/h2>\n<p>This entire site is subject to French and international legislation on copyright and intellectual property.<\/p>\n<p>All reproduction rights are reserved, including for downloadable documents and iconographic and photographic representations. Reproduction of all or part of this site on any electronic medium whatsoever is strictly prohibited without the express authorization of the director of publication.<\/p>\n<p>Articles L122-4 and L122-5 of the Intellectual Property Code prohibit any representation or reproduction, in whole or in part, made outside of private use.<\/p>\n<p>Any representation or reproduction in whole or in part of this work, made by any process whatsoever, without the consent of the publisher or the assigns is illegal and constitutes an infringement punishable by articles L335-2 and following of the Property Code intellectual.<\/p>\n<\/div>\n<\/div>\n<\/div>\n<\/div>\n<\/div>\n<\/div>\t\t\t\t\t<\/div>\n\t\t\t\t\t\t<\/div>\n\t\t\t\t<\/div>\n\t\t\t\t\t\t<\/div>\n\t\t\t\t\t<\/div>\n\t\t<\/div>\n\t\t\t\t\t\t\t\t<\/div>\n\t\t\t\t\t<\/div>\n\t\t<\/section>\n\t\t\t\t\t\t<\/div>\n\t\t\t\t\t<\/div>\n\t\t<\/div>\n\t\t\t\t\t\t\t\t<\/div>\n\t\t\t\t\t<\/div>\n\t\t<\/section>\n\t\t\t\t\t\t<\/div>\n\t\t\t\t\t\t<\/div>\n\t\t\t\t\t<\/div>","protected":false},"excerpt":{"rendered":"<p>Mentions l\u00e9gales Home 04 50 23 98 00 contact@residencejeanmonnet.fr PROPRI\u00c9TAIRE DU SITE RESIDENCE JEAN MONNET2 RUE JACQUELINE AURIOL74940 ANNECY Responsable de Publication : Blandine BERCHOUX VOCATION DU SITE Ce site a pour objet de pr\u00e9senter la R\u00e9sidence Jean Monnet. La soci\u00e9t\u00e9 se r\u00e9serve le droit de corriger ou modifier son contenu, \u00e0 tout moment et [&hellip;]<\/p>","protected":false},"author":1,"featured_media":0,"parent":0,"menu_order":0,"comment_status":"closed","ping_status":"closed","template":"elementor_header_footer","meta":{"inline_featured_image":false},"acf":[],"_links":{"self":[{"href":"https:\/\/residencejeanmonnet.fr\/en\/wp-json\/wp\/v2\/pages\/360"}],"collection":[{"href":"https:\/\/residencejeanmonnet.fr\/en\/wp-json\/wp\/v2\/pages"}],"about":[{"href":"https:\/\/residencejeanmonnet.fr\/en\/wp-json\/wp\/v2\/types\/page"}],"author":[{"embeddable":true,"href":"https:\/\/residencejeanmonnet.fr\/en\/wp-json\/wp\/v2\/users\/1"}],"replies":[{"embeddable":true,"href":"https:\/\/residencejeanmonnet.fr\/en\/wp-json\/wp\/v2\/comments?post=360"}],"version-history":[{"count":7,"href":"https:\/\/residencejeanmonnet.fr\/en\/wp-json\/wp\/v2\/pages\/360\/revisions"}],"predecessor-version":[{"id":2187,"href":"https:\/\/residencejeanmonnet.fr\/en\/wp-json\/wp\/v2\/pages\/360\/revisions\/2187"}],"wp:attachment":[{"href":"https:\/\/residencejeanmonnet.fr\/en\/wp-json\/wp\/v2\/media?parent=360"}],"curies":[{"name":"wp","href":"https:\/\/api.w.org\/{rel}","templated":true}]}}